{"id":20,"date":"2016-11-11T12:12:23","date_gmt":"2016-11-11T12:12:23","guid":{"rendered":"https:\/\/memoriadearena.es\/?page_id=20"},"modified":"2017-01-17T10:11:13","modified_gmt":"2017-01-17T09:11:13","slug":"molino","status":"publish","type":"page","link":"https:\/\/memoriadearena.es\/ca\/molino\/","title":{"rendered":"6 &#8211; Mol\u00ed i assut de Sant Antoni (s. XIV-XX)"},"content":{"rendered":"<p>\u00c9s un conjunt hidr\u00e0ulic format per un mol\u00ed fariner de tracci\u00f3 hidr\u00e0ulica i un assut, lligats hist\u00f2ricament i estructural. La seua construcci\u00f3 primitiva data del segle XIV amb\u00a0 remodelacions posteriors al segles XVIII i la primeria del segle XX, fins a la seua actual configuraci\u00f3 neo\u00e0rab.<\/p>\n<p>[\/vc_column_text][\/vc_column][\/vc_row][vc_row][vc_column][vc_masonry_media_grid grid_id=&#8221;vc_gid:1482237456837-fe4f7bfa-4d21-5&#8243; include=&#8221;188,187,186,185,184&#8243;][\/vc_column][\/vc_row]<\/p>","protected":false},"excerpt":{"rendered":"<p>\u00c9s un conjunt hidr\u00e0ulic format per un mol\u00ed fariner de tracci\u00f3 hidr\u00e0ulica i un assut, lligats hist\u00f2ricament i estructural. La seua construcci\u00f3 primitiva data del segle XIV amb\u00a0 remodelacions posteriors [&hellip;]<\/p>\n","protected":false},"author":1,"featured_media":0,"parent":0,"menu_order":0,"comment_status":"closed","ping_status":"closed","template":"","meta":{"footnotes":""},"class_list":["post-20","page","type-page","status-publish","hentry"],"_links":{"self":[{"href":"https:\/\/memoriadearena.es\/ca\/wp-json\/wp\/v2\/pages\/20","targetHints":{"allow":["GET"]}}],"collection":[{"href":"https:\/\/memoriadearena.es\/ca\/wp-json\/wp\/v2\/pages"}],"about":[{"href":"https:\/\/memoriadearena.es\/ca\/wp-json\/wp\/v2\/types\/page"}],"author":[{"embeddable":true,"href":"https:\/\/memoriadearena.es\/ca\/wp-json\/wp\/v2\/users\/1"}],"replies":[{"embeddable":true,"href":"https:\/\/memoriadearena.es\/ca\/wp-json\/wp\/v2\/comments?post=20"}],"version-history":[{"count":9,"href":"https:\/\/memoriadearena.es\/ca\/wp-json\/wp\/v2\/pages\/20\/revisions"}],"predecessor-version":[{"id":429,"href":"https:\/\/memoriadearena.es\/ca\/wp-json\/wp\/v2\/pages\/20\/revisions\/429"}],"wp:attachment":[{"href":"https:\/\/memoriadearena.es\/ca\/wp-json\/wp\/v2\/media?parent=20"}],"curies":[{"name":"wp","href":"https:\/\/api.w.org\/{rel}","templated":true}]}}