{"id":26,"date":"2016-11-11T12:13:11","date_gmt":"2016-11-11T12:13:11","guid":{"rendered":"https:\/\/memoriadearena.es\/?page_id=26"},"modified":"2023-07-05T17:08:03","modified_gmt":"2023-07-05T16:08:03","slug":"compuertas","status":"publish","type":"page","link":"https:\/\/memoriadearena.es\/ca\/compuertas\/","title":{"rendered":"Comportes i Canal de la Companyia Riegos de  Levante (1923)"},"content":{"rendered":"<p>Conjunt format per un canal i les comportes d\u2019elevaci\u00f3 de tracci\u00f3 el\u00e8ctrica, amb motiu de l\u2019incipient desenvolupament de la Revoluci\u00f3 Industrial a Espanya. La seua funci\u00f3 va consistir en la captaci\u00f3 i canalitzaci\u00f3 de les aig\u00fces sobrants del riu Segura. Va ser inaugurat pel rei Alfons XIII, qui era el major accionista de l\u2019empresa que va construir l&#8217;obra. Aquesta mateixa va passar a gestionar l\u2019aigua sobrant del Segura.<\/p>\n<p>[vc_row][vc_column][vc_masonry_media_grid grid_id=&#8221;vc_gid:1482236329051-9cf3dcbb-e2ed-9&#8243; include=&#8221;156,197,167,157,199&#8243;][\/vc_column][\/vc_row]<\/p>","protected":false},"excerpt":{"rendered":"<p>Conjunt format per un canal i les comportes d\u2019elevaci\u00f3 de tracci\u00f3 el\u00e8ctrica, amb motiu de l\u2019incipient desenvolupament de la Revoluci\u00f3 Industrial a Espanya. La seua funci\u00f3 va consistir en la [&hellip;]<\/p>\n","protected":false},"author":1,"featured_media":0,"parent":0,"menu_order":0,"comment_status":"closed","ping_status":"closed","template":"","meta":{"footnotes":""},"class_list":["post-26","page","type-page","status-publish","hentry"],"_links":{"self":[{"href":"https:\/\/memoriadearena.es\/ca\/wp-json\/wp\/v2\/pages\/26","targetHints":{"allow":["GET"]}}],"collection":[{"href":"https:\/\/memoriadearena.es\/ca\/wp-json\/wp\/v2\/pages"}],"about":[{"href":"https:\/\/memoriadearena.es\/ca\/wp-json\/wp\/v2\/types\/page"}],"author":[{"embeddable":true,"href":"https:\/\/memoriadearena.es\/ca\/wp-json\/wp\/v2\/users\/1"}],"replies":[{"embeddable":true,"href":"https:\/\/memoriadearena.es\/ca\/wp-json\/wp\/v2\/comments?post=26"}],"version-history":[{"count":17,"href":"https:\/\/memoriadearena.es\/ca\/wp-json\/wp\/v2\/pages\/26\/revisions"}],"predecessor-version":[{"id":583,"href":"https:\/\/memoriadearena.es\/ca\/wp-json\/wp\/v2\/pages\/26\/revisions\/583"}],"wp:attachment":[{"href":"https:\/\/memoriadearena.es\/ca\/wp-json\/wp\/v2\/media?parent=26"}],"curies":[{"name":"wp","href":"https:\/\/api.w.org\/{rel}","templated":true}]}}