{"id":28,"date":"2016-11-11T12:13:23","date_gmt":"2016-11-11T12:13:23","guid":{"rendered":"https:\/\/memoriadearena.es\/?page_id=28"},"modified":"2017-01-17T10:12:51","modified_gmt":"2017-01-17T09:12:51","slug":"puente_de_hierro","status":"publish","type":"page","link":"https:\/\/memoriadearena.es\/ca\/puente_de_hierro\/","title":{"rendered":"11 &#8211; El Pont de Ferro (1929)"},"content":{"rendered":"<p>Aquest pont va ser inaugurat l\u201911 d\u2019agost de 1929 i el seu cost va ser de 139.152,90 pessetes, segons la premsa de l\u2019\u00e8poca.<\/p>\n<p>Aquesta obra pr\u00f2pia de l&#8217;enginyeria industrial de principis del segle XX, est\u00e0 realitzada en ferro forjat amb armadures de reblons i assentada sobre obra de carreus.<br \/>\nAquest pont va ser constru\u00eft perqu\u00e8 el tr\u00e0nsit rodat de la carretera nacional 332 pogu\u00e9s salvar la llera del riu Segura. Cap a 1775 es va construir un pont barroc que va ser destru\u00eft per una riuada a la fi del segle XIX. Un precari pont de fusta, constru\u00eft temporalment, va servir d&#8217;acc\u00e9s al poble fins a la construcci\u00f3 del de metall, conservat fins als nostres dies.<\/p>\n<p>[\/vc_column_text][\/vc_column][\/vc_row][vc_row][vc_column][vc_masonry_media_grid grid_id=&#8221;vc_gid:1482233969244-72298d3a-1eb3-4&#8243; include=&#8221;180,179,178,177&#8243;][\/vc_column][\/vc_row][vc_row][vc_column][\/vc_column][\/vc_row]<\/p>","protected":false},"excerpt":{"rendered":"<p>Aquest pont va ser inaugurat l\u201911 d\u2019agost de 1929 i el seu cost va ser de 139.152,90 pessetes, segons la premsa de l\u2019\u00e8poca. Aquesta obra pr\u00f2pia de l&#8217;enginyeria industrial de [&hellip;]<\/p>\n","protected":false},"author":1,"featured_media":0,"parent":0,"menu_order":0,"comment_status":"closed","ping_status":"closed","template":"","meta":{"footnotes":""},"class_list":["post-28","page","type-page","status-publish","hentry"],"_links":{"self":[{"href":"https:\/\/memoriadearena.es\/ca\/wp-json\/wp\/v2\/pages\/28","targetHints":{"allow":["GET"]}}],"collection":[{"href":"https:\/\/memoriadearena.es\/ca\/wp-json\/wp\/v2\/pages"}],"about":[{"href":"https:\/\/memoriadearena.es\/ca\/wp-json\/wp\/v2\/types\/page"}],"author":[{"embeddable":true,"href":"https:\/\/memoriadearena.es\/ca\/wp-json\/wp\/v2\/users\/1"}],"replies":[{"embeddable":true,"href":"https:\/\/memoriadearena.es\/ca\/wp-json\/wp\/v2\/comments?post=28"}],"version-history":[{"count":24,"href":"https:\/\/memoriadearena.es\/ca\/wp-json\/wp\/v2\/pages\/28\/revisions"}],"predecessor-version":[{"id":432,"href":"https:\/\/memoriadearena.es\/ca\/wp-json\/wp\/v2\/pages\/28\/revisions\/432"}],"wp:attachment":[{"href":"https:\/\/memoriadearena.es\/ca\/wp-json\/wp\/v2\/media?parent=28"}],"curies":[{"name":"wp","href":"https:\/\/api.w.org\/{rel}","templated":true}]}}