{"id":30,"date":"2016-11-11T12:13:35","date_gmt":"2016-11-11T12:13:35","guid":{"rendered":"https:\/\/memoriadearena.es\/?page_id=30"},"modified":"2018-04-19T11:44:11","modified_gmt":"2018-04-19T10:44:11","slug":"rioseco","status":"publish","type":"page","link":"https:\/\/memoriadearena.es\/ca\/rioseco\/","title":{"rendered":"12 &#8211; S\u00e8nia del Riu Sec (1\u00aa meitat segle XX)"},"content":{"rendered":"<p>Anomenada \u201cN\u00f2ria del Bot\u00f3&#8221; o &#8220;s\u00e8nia del Riu Sec\u201d se situava a la part dreta de l\u2019assarb de \u201cLa Comuna\u201d, en la partida de l\u2019Horta de Guardamar. Posteriorment, fou restaurada per Enrique Orts \u201cEl Zorra\u201d, mestre senier.<\/p>\n<p>Aquest aparell elevador d&#8217;aigua, respon al tipus de s\u00e8nia de corona moguda per tracci\u00f3 animal. Els calaixos o cat\u00fafols formen un mateix cos amb la roda d&#8217;aigua, la qual cosa permet elevar l&#8217;aigua a menys altura. Consta d&#8217;un engranatge amb dues rodes, la roda d&#8217;aigua i el \u201ccarro\u201d o contraroda.<\/p>\n<p>[vc_row][vc_column][vc_masonry_media_grid grid_id=&#8221;vc_gid:1482235568903-77cc75f0-1afa-5&#8243; include=&#8221;158&#8221;][\/vc_column][\/vc_row]<\/p>","protected":false},"excerpt":{"rendered":"<p>Anomenada \u201cN\u00f2ria del Bot\u00f3&#8221; o &#8220;s\u00e8nia del Riu Sec\u201d se situava a la part dreta de l\u2019assarb de \u201cLa Comuna\u201d, en la partida de l\u2019Horta de Guardamar. Posteriorment, fou restaurada [&hellip;]<\/p>\n","protected":false},"author":1,"featured_media":0,"parent":0,"menu_order":0,"comment_status":"closed","ping_status":"closed","template":"","meta":{"footnotes":""},"class_list":["post-30","page","type-page","status-publish","hentry"],"_links":{"self":[{"href":"https:\/\/memoriadearena.es\/ca\/wp-json\/wp\/v2\/pages\/30","targetHints":{"allow":["GET"]}}],"collection":[{"href":"https:\/\/memoriadearena.es\/ca\/wp-json\/wp\/v2\/pages"}],"about":[{"href":"https:\/\/memoriadearena.es\/ca\/wp-json\/wp\/v2\/types\/page"}],"author":[{"embeddable":true,"href":"https:\/\/memoriadearena.es\/ca\/wp-json\/wp\/v2\/users\/1"}],"replies":[{"embeddable":true,"href":"https:\/\/memoriadearena.es\/ca\/wp-json\/wp\/v2\/comments?post=30"}],"version-history":[{"count":13,"href":"https:\/\/memoriadearena.es\/ca\/wp-json\/wp\/v2\/pages\/30\/revisions"}],"predecessor-version":[{"id":485,"href":"https:\/\/memoriadearena.es\/ca\/wp-json\/wp\/v2\/pages\/30\/revisions\/485"}],"wp:attachment":[{"href":"https:\/\/memoriadearena.es\/ca\/wp-json\/wp\/v2\/media?parent=30"}],"curies":[{"name":"wp","href":"https:\/\/api.w.org\/{rel}","templated":true}]}}