{"id":37,"date":"2016-11-11T13:03:15","date_gmt":"2016-11-11T13:03:15","guid":{"rendered":"https:\/\/memoriadearena.es\/?page_id=37"},"modified":"2018-04-19T11:29:37","modified_gmt":"2018-04-19T10:29:37","slug":"iglesia","status":"publish","type":"page","link":"https:\/\/memoriadearena.es\/ca\/iglesia\/","title":{"rendered":"8 &#8211; Esgl\u00e9sia de Sant Jaume (1845-1910)"},"content":{"rendered":"<p>Edifici neocl\u00e0ssic de tres naus dissenyat per l\u2019enginyer Larramendi, per\u00f2 inacabat segons el projecte original. La seua construcci\u00f3 es va iniciar en 1845, encara que no es consagra al culte fins 1892. Les obres van finalitzar en l\u2019any 1910. Als anys 60 del segle XX es realitzaren reformes al temple, de les quals destaca l\u2019ampliaci\u00f3 de la torre-campanar i l\u2019arrebossat del revestiment exterior que amaga la f\u00e0brica de pedra.<\/p>\n<p>Al seu interior es conserven alguns b\u00e9ns rescatats de l\u2019antiga Parr\u00f2quia (situada en el tur\u00f3 del castell), com alguns llen\u00e7os, peces d\u2019orfebreria i imatgeria, aix\u00ed com altres obres d\u2019inter\u00e8s realitzades al segle XX. Destaca la imatge de la Mare de D\u00e9u del Rosari (s. XVII).<\/p>\n<p>[\/vc_column_text][\/vc_column][\/vc_row][vc_row][vc_column][vc_masonry_media_grid grid_id=&#8221;vc_gid:1482236804119-eaa4127e-b9eb-10&#8243; include=&#8221;190,189,165&#8243;][\/vc_column][\/vc_row]<\/p>","protected":false},"excerpt":{"rendered":"<p>Edifici neocl\u00e0ssic de tres naus dissenyat per l\u2019enginyer Larramendi, per\u00f2 inacabat segons el projecte original. La seua construcci\u00f3 es va iniciar en 1845, encara que no es consagra al culte [&hellip;]<\/p>\n","protected":false},"author":1,"featured_media":0,"parent":0,"menu_order":0,"comment_status":"closed","ping_status":"closed","template":"","meta":{"footnotes":""},"class_list":["post-37","page","type-page","status-publish","hentry"],"_links":{"self":[{"href":"https:\/\/memoriadearena.es\/ca\/wp-json\/wp\/v2\/pages\/37","targetHints":{"allow":["GET"]}}],"collection":[{"href":"https:\/\/memoriadearena.es\/ca\/wp-json\/wp\/v2\/pages"}],"about":[{"href":"https:\/\/memoriadearena.es\/ca\/wp-json\/wp\/v2\/types\/page"}],"author":[{"embeddable":true,"href":"https:\/\/memoriadearena.es\/ca\/wp-json\/wp\/v2\/users\/1"}],"replies":[{"embeddable":true,"href":"https:\/\/memoriadearena.es\/ca\/wp-json\/wp\/v2\/comments?post=37"}],"version-history":[{"count":10,"href":"https:\/\/memoriadearena.es\/ca\/wp-json\/wp\/v2\/pages\/37\/revisions"}],"predecessor-version":[{"id":483,"href":"https:\/\/memoriadearena.es\/ca\/wp-json\/wp\/v2\/pages\/37\/revisions\/483"}],"wp:attachment":[{"href":"https:\/\/memoriadearena.es\/ca\/wp-json\/wp\/v2\/media?parent=37"}],"curies":[{"name":"wp","href":"https:\/\/api.w.org\/{rel}","templated":true}]}}