{"id":40,"date":"2016-11-11T13:04:48","date_gmt":"2016-11-11T13:04:48","guid":{"rendered":"https:\/\/memoriadearena.es\/?page_id=40"},"modified":"2017-01-17T10:10:14","modified_gmt":"2017-01-17T09:10:14","slug":"general","status":"publish","type":"page","link":"https:\/\/memoriadearena.es\/ca\/general\/","title":{"rendered":"INFORMACI\u00d3 GENERAL PANELL"},"content":{"rendered":"<p>Aquest panell forma part d&#8217;una xarxa de cartelleria amb informaci\u00f3 dels elements m\u00e9s destacats del patrimoni hist\u00f2ric de Guardamar, com ara jaciments arqueol\u00f2gics, monuments i vestigis de la hist\u00f2ria m\u00e9s recent del municipi. Cadascun d&#8217;aquests elements assenyala rutes diverses. Si les segueixen, podran con\u00e8ixer la rica hist\u00f2ria guardamarenca.<br \/>\nEls codis QR els permeten submergir-se en aquest petit viatge f\u00e0cilment i r\u00e0pida. Mitjan\u00e7ant el seu escaneig, el seu tel\u00e8fon o tauleta enlla\u00e7a amb les rutes mitjan\u00e7ant geolocalitzaci\u00f3 (GPS). Aix\u00ed mateix, tamb\u00e9 pot accedir a les audioguies i a la informaci\u00f3 complement\u00e0ria al nostre web.<\/p>\n<p>El projecte (&#8230;) s&#8217;organitza al voltant de 5 rutes tur\u00edstiques fonamentades en vestigis hist\u00f2rics conservats a Guardamar. Cadascuna d&#8217;aquestes rutes t\u00e9 una unitat tem\u00e0tica i es pot fer a peu o amb bicicleta. Escanege el codi QR que enlla\u00e7a amb el recorregut de la seua elecci\u00f3.<\/p>\n<h3>RUTA 1 (color blanc): ARQUEOLOGIA SOTA LES ARENES. (Dist\u00e0ncia: 6,36 km).<\/h3>\n<p>MAG (Museu Arqueol\u00f2gic de Guardamar), Castell de Guardamar, La Fonteta (ciutat fen\u00edcia) i R\u00e0bita Califal (monestir isl\u00e0mic).<\/p>\n<h3>RUTA 2 (color marr\u00f3): ARQUEOLOGIA DEL TERRITORI. (Dist\u00e0ncia: 19,66 km).<\/h3>\n<p>MAG (Museu Arqueol\u00f2gic de Guardamar), La Fonteta (ciutat fen\u00edcia), R\u00e0bita Califal (monestir isl\u00e0mic), Castell de Guardamar, Cabe\u00e7o Petit de l&#8217;Estany (nucli fenici) i El Montcaio.<\/p>\n<h3>RUTA 3 (color blau): CULTURA DE L&#8217;AIGUA. (Dist\u00e0ncia: 6,57 km).<\/h3>\n<p>MAG (Museu Arqueol\u00f2gic de Guardamar), Mol\u00ed de Sant Antoni, Pont de Ferro, Comportes de la Companyia Riegos de Levante, S\u00e9nia del Riu Sec i Casa-Museu Forestal \u201cEnginyer Mira\u201d (Oficina de Turisme).<\/p>\n<h3>RUTA 4 (color verd): LA REPOBLACI\u00d3 FORESTAL DE LES DUNES. (Dist\u00e0ncia: 2,86 km).<\/h3>\n<p>Casa-Museu Forestal Enginyer Mira (Oficina de Turisme), Parc Alfons XIII, escultura Enginyer Mira, Conjunt del Viver Vell (Aljub, Casa Forestal i bust de l&#8217;Enginyer Mira) i MAG (Museu Arqueol\u00f2gic de Guardamar).<\/p>\n<h3>RUTA 5 (color vermell): PASSEIG LARRAMENDI. (Dist\u00e0ncia: 0,86 km).<\/h3>\n<p>MAG (Museu Arqueol\u00f2gic de Guardamar), Tra\u00e7at neocl\u00e0ssic de Larramendi: Pla\u00e7a dels Pescadors, Esgl\u00e9sia de Sant Jaume Ap\u00f2stol i Pla\u00e7a dels Llauradors.<\/p>\n<h3>Audioguia QR. Poseu-vos els auriculars i submergiu-vos en la Hist\u00f2ria de Guardamar.<\/h3>\n<p>Tots els panells que trobe en les (&#8230;) t\u00e9 una audioguia integrada, que s&#8217;activar\u00e0 amb un codi QR. Despr\u00e9s, trieu l&#8217;idioma de la seua prefer\u00e8ncia. Amb el seu m\u00f2bil o tauleta podr\u00e0 sentir la informaci\u00f3 mitjan\u00e7ant un sistema c\u00f2mode i r\u00e0pid.<\/p>\n<h3>Com funcionen els Codis QR?<\/h3>\n<p>Emprar un codi QR \u00e9s molt senzill. Tan sols necessita un dispositiu m\u00f2bil o una tauleta amb acc\u00e9s a internet. D&#8217;aquesta manera, podr\u00e0 descarregar una aplicaci\u00f3 de lectura de codis QR. Pot fer-ho amb l&#8217;aplicaci\u00f3 PLAY STORE (logo de Play Store) d&#8217;Android o APP STORE (logo). Si el dispositiu \u00e9s Apple, escriviu &#8220;QR&#8221; i tindr\u00e0 acc\u00e9s a aquests lectors. Un cop descarregada i instal\u00b7lada, entreu en l&#8217;aplicaci\u00f3. A trav\u00e9s de la c\u00e0mera del seu dispositiu escanege el codi QR que desitge i autom\u00e0ticament enlla\u00e7ar\u00e0 amb el contingut.<\/p>","protected":false},"excerpt":{"rendered":"<p>Aquest panell forma part d&#8217;una xarxa de cartelleria amb informaci\u00f3 dels elements m\u00e9s destacats del patrimoni hist\u00f2ric de Guardamar, com ara jaciments arqueol\u00f2gics, monuments i vestigis de la hist\u00f2ria m\u00e9s [&hellip;]<\/p>\n","protected":false},"author":1,"featured_media":0,"parent":0,"menu_order":0,"comment_status":"closed","ping_status":"closed","template":"","meta":{"footnotes":""},"class_list":["post-40","page","type-page","status-publish","hentry"],"_links":{"self":[{"href":"https:\/\/memoriadearena.es\/ca\/wp-json\/wp\/v2\/pages\/40","targetHints":{"allow":["GET"]}}],"collection":[{"href":"https:\/\/memoriadearena.es\/ca\/wp-json\/wp\/v2\/pages"}],"about":[{"href":"https:\/\/memoriadearena.es\/ca\/wp-json\/wp\/v2\/types\/page"}],"author":[{"embeddable":true,"href":"https:\/\/memoriadearena.es\/ca\/wp-json\/wp\/v2\/users\/1"}],"replies":[{"embeddable":true,"href":"https:\/\/memoriadearena.es\/ca\/wp-json\/wp\/v2\/comments?post=40"}],"version-history":[{"count":18,"href":"https:\/\/memoriadearena.es\/ca\/wp-json\/wp\/v2\/pages\/40\/revisions"}],"predecessor-version":[{"id":427,"href":"https:\/\/memoriadearena.es\/ca\/wp-json\/wp\/v2\/pages\/40\/revisions\/427"}],"wp:attachment":[{"href":"https:\/\/memoriadearena.es\/ca\/wp-json\/wp\/v2\/media?parent=40"}],"curies":[{"name":"wp","href":"https:\/\/api.w.org\/{rel}","templated":true}]}}