{"id":42,"date":"2016-11-11T13:09:22","date_gmt":"2016-11-11T13:09:22","guid":{"rendered":"https:\/\/memoriadearena.es\/?page_id=42"},"modified":"2017-01-17T10:13:23","modified_gmt":"2017-01-17T09:13:23","slug":"trincheras","status":"publish","type":"page","link":"https:\/\/memoriadearena.es\/ca\/trincheras\/","title":{"rendered":"13 &#8211; Trinxeres"},"content":{"rendered":"<p>Conjunt de trinxeres dutes a terme durant la Guerra Civil. Malgrat que no foren usades, el seu objectiu primer va ser organitzar la defensa del territori perif\u00e8ric de la Base Naval de Cartagena en dos fronts territorials: un de terrestre, davant la possible agressi\u00f3 d&#8217;un ex\u00e8rcit procedent de l&#8217;interior; i un altre, de mar\u00edtim, per tal de refor\u00e7ar les zones costaneres no cobertes amb bateries davant un hipot\u00e8tic desembarcament de tropes. En el terme de Guardamar, la l\u00ednia de resist\u00e8ncia de la posici\u00f3 avan\u00e7ada comen\u00e7ava en les dunes, entre Guardamar i la platja. Aquesta l\u00ednia defensiva continuava amb la construcci\u00f3 de diversos atrinxeraments (segona l\u00ednia de foc) al Montcaio i la serra de les Raboses, i diversos m\u00e9s a ponent fins als atrinxeraments del Raiguero, aix\u00ed com en el Cabe\u00e7o Lucero.<\/p>\n<p>[vc_row][vc_column][vc_masonry_media_grid grid_id=&#8221;vc_gid:1482237526023-05c8b775-dae6-4&#8243; include=&#8221;169&#8243;][\/vc_column][\/vc_row]<\/p>","protected":false},"excerpt":{"rendered":"<p>Conjunt de trinxeres dutes a terme durant la Guerra Civil. Malgrat que no foren usades, el seu objectiu primer va ser organitzar la defensa del territori perif\u00e8ric de la Base [&hellip;]<\/p>\n","protected":false},"author":1,"featured_media":0,"parent":0,"menu_order":0,"comment_status":"closed","ping_status":"closed","template":"","meta":{"footnotes":""},"class_list":["post-42","page","type-page","status-publish","hentry"],"_links":{"self":[{"href":"https:\/\/memoriadearena.es\/ca\/wp-json\/wp\/v2\/pages\/42","targetHints":{"allow":["GET"]}}],"collection":[{"href":"https:\/\/memoriadearena.es\/ca\/wp-json\/wp\/v2\/pages"}],"about":[{"href":"https:\/\/memoriadearena.es\/ca\/wp-json\/wp\/v2\/types\/page"}],"author":[{"embeddable":true,"href":"https:\/\/memoriadearena.es\/ca\/wp-json\/wp\/v2\/users\/1"}],"replies":[{"embeddable":true,"href":"https:\/\/memoriadearena.es\/ca\/wp-json\/wp\/v2\/comments?post=42"}],"version-history":[{"count":10,"href":"https:\/\/memoriadearena.es\/ca\/wp-json\/wp\/v2\/pages\/42\/revisions"}],"predecessor-version":[{"id":434,"href":"https:\/\/memoriadearena.es\/ca\/wp-json\/wp\/v2\/pages\/42\/revisions\/434"}],"wp:attachment":[{"href":"https:\/\/memoriadearena.es\/ca\/wp-json\/wp\/v2\/media?parent=42"}],"curies":[{"name":"wp","href":"https:\/\/api.w.org\/{rel}","templated":true}]}}