{"id":439,"date":"2017-01-17T10:25:28","date_gmt":"2017-01-17T09:25:28","guid":{"rendered":"https:\/\/memoriadearena.es\/?page_id=439"},"modified":"2017-01-17T10:33:23","modified_gmt":"2017-01-17T09:33:23","slug":"codigos-qr","status":"publish","type":"page","link":"https:\/\/memoriadearena.es\/ca\/codigos-qr\/","title":{"rendered":"Codis QR"},"content":{"rendered":"<p>[vc_row][vc_column][vc_column_text]<\/p>\n<h3>Audioguia QR.<\/h3>\n<p>Poseu-vos els auriculars i submergiu-vos en la Hist\u00f2ria de Guardamar.<\/p>\n<p>Tots els panells que trobe en les (&#8230;) t\u00e9 una audioguia integrada, que s&#8217;activar\u00e0 amb un codi QR. Despr\u00e9s, trieu l&#8217;idioma de la seua prefer\u00e8ncia. Amb el seu m\u00f2bil o tauleta podr\u00e0 sentir la informaci\u00f3 mitjan\u00e7ant un sistema c\u00f2mode i r\u00e0pid.<\/p>\n<h3>Com funcionen els Codis QR?<\/h3>\n<p>Emprar un codi QR \u00e9s molt senzill. Tan sols necessita un dispositiu m\u00f2bil o una tauleta amb acc\u00e9s a internet. D&#8217;aquesta manera, podr\u00e0 descarregar una aplicaci\u00f3 de lectura de codis QR. Pot fer-ho amb l&#8217;aplicaci\u00f3 PLAY STORE (logo de Play Store) d&#8217;Android o APP STORE (logo). Si el dispositiu \u00e9s Apple, escriviu &#8220;QR&#8221; i tindr\u00e0 acc\u00e9s a aquests lectors. Un cop descarregada i instal\u00b7lada, entreu en l&#8217;aplicaci\u00f3. A trav\u00e9s de la c\u00e0mera del seu dispositiu escanege el codi QR que desitge i autom\u00e0ticament enlla\u00e7ar\u00e0 amb el contingut.<\/p>\n<p>[\/vc_column_text][vc_empty_space][\/vc_column][\/vc_row][vc_row][vc_column width=&#8221;1\/2&#8243;][vc_single_image image=&#8221;440&#8243; img_size=&#8221;medium&#8221; alignment=&#8221;center&#8221; onclick=&#8221;custom_link&#8221; img_link_target=&#8221;_blank&#8221; css_animation=&#8221;top-to-bottom&#8221; link=&#8221;https:\/\/play.google.com\/store\/apps\/details?id=tw.mobileapp.qrcode.banner&amp;hl=es&#8221;][\/vc_column][vc_column width=&#8221;1\/2&#8243;][vc_single_image image=&#8221;441&#8243; img_size=&#8221;medium&#8221; alignment=&#8221;center&#8221; onclick=&#8221;custom_link&#8221; img_link_target=&#8221;_blank&#8221; css_animation=&#8221;top-to-bottom&#8221; link=&#8221;https:\/\/itunes.apple.com\/es\/app\/lector-qr\/id368494609?mt=8&#8243;][\/vc_column][\/vc_row][vc_row][vc_column][vc_empty_space][vc_video link=&#8221;https:\/\/www.youtube.com\/watch?v=Abd2Vdp90R8&#8243; el_width=&#8221;80&#8243; el_aspect=&#8221;43&#8243; align=&#8221;center&#8221;][\/vc_column][\/vc_row]<\/p>","protected":false},"excerpt":{"rendered":"<p>[vc_row][vc_column][vc_column_text] Audioguia QR. Poseu-vos els auriculars i submergiu-vos en la Hist\u00f2ria de Guardamar. Tots els panells que trobe en les (&#8230;) t\u00e9 una audioguia integrada, que s&#8217;activar\u00e0 amb un codi [&hellip;]<\/p>\n","protected":false},"author":1,"featured_media":0,"parent":0,"menu_order":0,"comment_status":"closed","ping_status":"closed","template":"","meta":{"footnotes":""},"class_list":["post-439","page","type-page","status-publish","hentry"],"_links":{"self":[{"href":"https:\/\/memoriadearena.es\/ca\/wp-json\/wp\/v2\/pages\/439","targetHints":{"allow":["GET"]}}],"collection":[{"href":"https:\/\/memoriadearena.es\/ca\/wp-json\/wp\/v2\/pages"}],"about":[{"href":"https:\/\/memoriadearena.es\/ca\/wp-json\/wp\/v2\/types\/page"}],"author":[{"embeddable":true,"href":"https:\/\/memoriadearena.es\/ca\/wp-json\/wp\/v2\/users\/1"}],"replies":[{"embeddable":true,"href":"https:\/\/memoriadearena.es\/ca\/wp-json\/wp\/v2\/comments?post=439"}],"version-history":[{"count":7,"href":"https:\/\/memoriadearena.es\/ca\/wp-json\/wp\/v2\/pages\/439\/revisions"}],"predecessor-version":[{"id":449,"href":"https:\/\/memoriadearena.es\/ca\/wp-json\/wp\/v2\/pages\/439\/revisions\/449"}],"wp:attachment":[{"href":"https:\/\/memoriadearena.es\/ca\/wp-json\/wp\/v2\/media?parent=439"}],"curies":[{"name":"wp","href":"https:\/\/api.w.org\/{rel}","templated":true}]}}