{"id":52,"date":"2016-11-25T19:14:50","date_gmt":"2016-11-25T19:14:50","guid":{"rendered":"https:\/\/memoriadearena.es\/?page_id=52"},"modified":"2017-01-17T10:04:38","modified_gmt":"2017-01-17T09:04:38","slug":"larramendi","status":"publish","type":"page","link":"https:\/\/memoriadearena.es\/ca\/larramendi\/","title":{"rendered":"7 &#8211; Trama Urbana de Larramendi (1829)"},"content":{"rendered":"<p>Despr\u00e9s dels terratr\u00e8mols, la vila de Guardamar va quedar totalment destru\u00efda. L\u2019engarregat de dissenyar la nova trama urbana, situada al vessant on es troba ara, fou D. Jos\u00e9 Agust\u00edn Larramendi, sota el regnat de Ferran VII. Al llarg de les d\u00e8cades, aquest projecte s\u2019an\u00e0 \u00a0executant de forma gradual \u00a0i, en paraules de Larramendi: \u201c\u2026Guardamar ser\u00e0 el poble m\u00e9s bonic del Regne\u201d.<\/p>\n<p>A la darreria del segle XIX aquest nou Guardamar comen\u00e7a a ser amena\u00e7at per l&#8217;avan\u00e7 del sistema dunar costaner. Malgrat que l\u2019arena arrib\u00e0 a destruir alguna illa de cases, la plantaci\u00f3 de la pineda que gaudim a hores d\u2019ara, va poder frenar el r\u00e0pid avan\u00e7 dels tossals d\u2019arena.<\/p>\n<p>&nbsp;<\/p>","protected":false},"excerpt":{"rendered":"<p>Despr\u00e9s dels terratr\u00e8mols, la vila de Guardamar va quedar totalment destru\u00efda. L\u2019engarregat de dissenyar la nova trama urbana, situada al vessant on es troba ara, fou D. Jos\u00e9 Agust\u00edn Larramendi, [&hellip;]<\/p>\n","protected":false},"author":1,"featured_media":0,"parent":0,"menu_order":0,"comment_status":"closed","ping_status":"closed","template":"","meta":{"footnotes":""},"class_list":["post-52","page","type-page","status-publish","hentry"],"_links":{"self":[{"href":"https:\/\/memoriadearena.es\/ca\/wp-json\/wp\/v2\/pages\/52","targetHints":{"allow":["GET"]}}],"collection":[{"href":"https:\/\/memoriadearena.es\/ca\/wp-json\/wp\/v2\/pages"}],"about":[{"href":"https:\/\/memoriadearena.es\/ca\/wp-json\/wp\/v2\/types\/page"}],"author":[{"embeddable":true,"href":"https:\/\/memoriadearena.es\/ca\/wp-json\/wp\/v2\/users\/1"}],"replies":[{"embeddable":true,"href":"https:\/\/memoriadearena.es\/ca\/wp-json\/wp\/v2\/comments?post=52"}],"version-history":[{"count":7,"href":"https:\/\/memoriadearena.es\/ca\/wp-json\/wp\/v2\/pages\/52\/revisions"}],"predecessor-version":[{"id":424,"href":"https:\/\/memoriadearena.es\/ca\/wp-json\/wp\/v2\/pages\/52\/revisions\/424"}],"wp:attachment":[{"href":"https:\/\/memoriadearena.es\/ca\/wp-json\/wp\/v2\/media?parent=52"}],"curies":[{"name":"wp","href":"https:\/\/api.w.org\/{rel}","templated":true}]}}