{"id":54,"date":"2016-11-25T19:16:25","date_gmt":"2016-11-25T19:16:25","guid":{"rendered":"https:\/\/memoriadearena.es\/?page_id=54"},"modified":"2017-01-31T18:16:20","modified_gmt":"2017-01-31T17:16:20","slug":"vivero-viejo-s-xx","status":"publish","type":"page","link":"https:\/\/memoriadearena.es\/ca\/vivero-viejo-s-xx\/","title":{"rendered":"9 &#8211; Viver Vell (s. XX)"},"content":{"rendered":"<p>La repoblaci\u00f3 forestal de les dunes ha sigut un dels esdeveniments m\u00e9s transcendentals de la hist\u00f2ria recent de Guardamar de la Segura. Cap a l&#8217;any 1896 va tenir lloc un fort desequilibri del sistema dunar que va fer que grans monticles o tossals d\u2019arena avan\u00e7aren terra endins, fins a cobrir una \u00e0mplia extensi\u00f3 al llarg de 16 quil\u00f2metres. El projecte dut a terme per l&#8217;Enginyer de Forests, Francisco Mira i Botella, fren\u00e0 l&#8217;avan\u00e7 de tota aquesta massa d\u2019arena que va arribar a arru\u00efnar diverses hect\u00e0rees de cultiu i amena\u00e7ava amb sepultar el poble. Els treballs de fixaci\u00f3 i repoblaci\u00f3 de les dunes de Guardamar generaren una successi\u00f3 de treballs auxiliars, que donaren lloc a un seguit d&#8217;infraestructures fonamentals per tal de garantir amb \u00e8xit l&#8217;evoluci\u00f3 i el desenvolupament del projecte. Dintre el conjunt d&#8217;infraestructures destaca el conegut com \u201cEl Viver Vell\u201d. Aquest espai el componen:<\/p>\n<p><strong>El Viver Vell<\/strong>: Es va construir l\u2019any 1901 i \u00e9s l&#8217;\u00fanic que funciona en l&#8217;actualitat. La seua estructura origin\u00e0ria, de planta rectangular, s&#8217;articula mitjan\u00e7ant un ampli cam\u00ed central, flanquejat per jardineres amb f\u00e0brica de rajola massissa, decorades amb panells cer\u00e0mics policroms. A les dues bandes del passad\u00eds s&#8217;estructuren les tanques, a manera de petites parcel\u00b7les rectangulars de diferents mides. Aqu\u00ed \u00e9s on es duen a terme les sembres per obtenir les plantacions necess\u00e0ries per al repoblament dels tossals d\u2019arena amb pins pinyoners, pins blancs, xiprers, garrofers i altres. El viver pateix una primera ampliaci\u00f3 en 1910 i, posteriorment, dels anys 70 en\u00e7\u00e0, \u00a0a fi de produir plantes no sols per a Guardamar, sin\u00f3 per a altres zones de la prov\u00edncia<\/p>\n<p><strong>Casa Forestal<\/strong>: Aquest edifici, concebut en el seu origen com a magatzem de ferramentes, es convert\u00ed amb el temps en la resid\u00e8ncia de la gu\u00e0rdia forestal per a la vigil\u00e0ncia de la pinada. Una altra construcci\u00f3 singular emprada per al servei del viver, \u00e9s coneguda com a: \u201cCaseta de Ferramentes del Viver\u201d.<\/p>\n<p><strong>Aljub<\/strong>: En l&#8217;interior del Viver Vell, la construcci\u00f3 de pous en el subs\u00f2l per a alimentar les esp\u00e8cies arb\u00f2ries i arbustives ha sigut una de les solucions tradicionals m\u00e9s eficaces. No obstant aix\u00f2, per a la captaci\u00f3 i emmagatzemament d&#8217;aigua per al consum hum\u00e0, es constru\u00ed, als anys 1950, l&#8217;aljub del viver, de volta de can\u00f3, una de les mostres m\u00e9s significatives de la cultura de l&#8217;aigua. Consta d&#8217;una canonada de captaci\u00f3 d&#8217;aigua situada en el s\u00f2l que permet que l&#8217;aigua arribe a l&#8217;interior de l&#8217;aljub, un acc\u00e9s superior tancat per una porta, per on s&#8217;extreia aigua. El sistema de captaci\u00f3 es completa, en la part posterior, amb un sobreeixidor per a deixar eixir l&#8217;aigua sobrant.<\/p>\n<p><strong>Bust de l&#8217;Enginyer Mira<\/strong>: El monument en mem\u00f2ria a l&#8217;Enginyer Francisco Mira i Botella se situa en la placeta junt a l&#8217;aljub. El conjunt ho componen un bust idealitzat de Francisco Mira amb l&#8217;uniforme de gala del Cos d&#8217;Enginyers Forestals sobre un pedestal d&#8217;estil <em>art dec\u00f3<\/em>, amb una inscripci\u00f3 en relleu del mateix estil. Aquest bust \u00e9s obra d&#8217;Agust\u00edn Pantoja Mingot, escultor alacant\u00ed i artista de gran reputaci\u00f3, constructor de fogueres i falles. Aquest monument escult\u00f2ric es va al\u00e7ar per a donar les gr\u00e0cies a Francisco Mira pels anys dedicats a la Repoblaci\u00f3 Forestal de les Dunes de Guardamar, tal com ho il\u00b7lustra la inscripci\u00f3 commemorativa: &#8220;Guardamar, al seu fill adoptiu l&#8217;enginyer D. Francisco Mira i Botella. Autor d&#8217;aquesta repoblaci\u00f3. 1 de juliol de 1945\u201d.<\/p>\n<p>[vc_row][vc_column][vc_masonry_media_grid grid_id=&#8221;vc_gid:1482237609723-f6bf4ab5-3d5d-2&#8243; include=&#8221;168&#8221;][\/vc_column][\/vc_row]<\/p>","protected":false},"excerpt":{"rendered":"<p>La repoblaci\u00f3 forestal de les dunes ha sigut un dels esdeveniments m\u00e9s transcendentals de la hist\u00f2ria recent de Guardamar de la Segura. Cap a l&#8217;any 1896 va tenir lloc un [&hellip;]<\/p>\n","protected":false},"author":1,"featured_media":0,"parent":0,"menu_order":0,"comment_status":"closed","ping_status":"closed","template":"","meta":{"footnotes":""},"class_list":["post-54","page","type-page","status-publish","hentry"],"_links":{"self":[{"href":"https:\/\/memoriadearena.es\/ca\/wp-json\/wp\/v2\/pages\/54","targetHints":{"allow":["GET"]}}],"collection":[{"href":"https:\/\/memoriadearena.es\/ca\/wp-json\/wp\/v2\/pages"}],"about":[{"href":"https:\/\/memoriadearena.es\/ca\/wp-json\/wp\/v2\/types\/page"}],"author":[{"embeddable":true,"href":"https:\/\/memoriadearena.es\/ca\/wp-json\/wp\/v2\/users\/1"}],"replies":[{"embeddable":true,"href":"https:\/\/memoriadearena.es\/ca\/wp-json\/wp\/v2\/comments?post=54"}],"version-history":[{"count":8,"href":"https:\/\/memoriadearena.es\/ca\/wp-json\/wp\/v2\/pages\/54\/revisions"}],"predecessor-version":[{"id":479,"href":"https:\/\/memoriadearena.es\/ca\/wp-json\/wp\/v2\/pages\/54\/revisions\/479"}],"wp:attachment":[{"href":"https:\/\/memoriadearena.es\/ca\/wp-json\/wp\/v2\/media?parent=54"}],"curies":[{"name":"wp","href":"https:\/\/api.w.org\/{rel}","templated":true}]}}