{"id":67,"date":"2016-11-25T19:29:18","date_gmt":"2016-11-25T19:29:18","guid":{"rendered":"https:\/\/memoriadearena.es\/?page_id=67"},"modified":"2025-09-03T08:35:43","modified_gmt":"2025-09-03T07:35:43","slug":"home","status":"publish","type":"page","link":"https:\/\/memoriadearena.es\/ca\/","title":{"rendered":"home"},"content":{"rendered":"<p>[vc_row parallax=&#8221;content-moving&#8221; parallax_image=&#8221;293&#8243; parallax_speed_bg=&#8221;2.2&#8243; css=&#8221;.vc_custom_1484221895304{background-position: 0 0;background-repeat:epeat;}&#8221;][vc_column][vc_single_image image=&#8221;405&#8243; img_size=&#8221;full&#8221; alignment=&#8221;center&#8221; onclick=&#8221;custom_link&#8221; img_link_target=&#8221;_blank&#8221; link=&#8221;https:\/\/memoriadearena.es\/wp-content\/uploads\/2018\/10\/PLANO-GENERAL-1200.jpg&#8221;][vc_empty_space height=&#8221;45px&#8221;][\/vc_column][\/vc_row][vc_row][vc_column][vc_single_image image=&#8221;388&#8243; img_size=&#8221;full&#8221; alignment=&#8221;center&#8221; css_animation=&#8221;top-to-bottom&#8221;][vc_column_text css=&#8221;.vc_custom_1484315429605{padding-top: 20px !important;padding-right: 20% !important;padding-bottom: 50px !important;padding-left: 20% !important;}&#8221;]Aquest panell forma part d&#8217;una xarxa de cartelleria amb informaci\u00f3 dels elements m\u00e9s destacats del patrimoni hist\u00f2ric de Guardamar, com ara jaciments arqueol\u00f2gics, monuments i vestigis de la hist\u00f2ria m\u00e9s recent del municipi. Cadascun d&#8217;aquests elements assenyala rutes diverses. Si les segueixen, podran con\u00e8ixer la rica hist\u00f2ria guardamarenca.<\/p>\n<p>Els codis QR els permeten submergir-se en aquest petit viatge f\u00e0cilment i r\u00e0pida. Mitjan\u00e7ant el seu escaneig, el seu tel\u00e8fon o tauleta enlla\u00e7a amb les rutes mitjan\u00e7ant geolocalitzaci\u00f3 (GPS). Aix\u00ed mateix, tamb\u00e9 pot accedir a les audioguies i a la informaci\u00f3 complement\u00e0ria al nostre web.[\/vc_column_text][vc_column_text css_animation=&#8221;top-to-bottom&#8221; css=&#8221;.vc_custom_1756884940378{padding-top: 20px !important;padding-right: 20% !important;padding-bottom: 50px !important;padding-left: 20% !important;}&#8221;]<\/p>\n<h3 style=\"text-align: center;\">CONJUNT ARQUEOLOGIC<\/h3>\n<p style=\"text-align: center;\"><strong>Fonteta &#8211; R\u00e0bita<\/strong><br \/>\nDimecres a Diumenge: 9:00 &#8211; 14:00<\/p>\n<p style=\"text-align: center;\">Visites guiades per a grup: <a href=\"mailto:visitasguiadas@guardamardelsegura.es\">visitasguiadas@guardamardelsegura.es<\/a><\/p>\n<p>[\/vc_column_text][\/vc_column][\/vc_row][vc_row][vc_column][vc_empty_space][vc_single_image image=&#8221;487&#8243; img_size=&#8221;full&#8221; alignment=&#8221;center&#8221; style=&#8221;vc_box_shadow_3d&#8221; css_animation=&#8221;top-to-bottom&#8221;][vc_empty_space][\/vc_column][\/vc_row][vc_row equal_height=&#8221;yes&#8221; parallax=&#8221;content-moving&#8221; parallax_image=&#8221;332&#8243; parallax_speed_bg=&#8221;3.5&#8243;][vc_column width=&#8221;1\/3&#8243;][vc_single_image image=&#8221;396&#8243; img_size=&#8221;medium&#8221; alignment=&#8221;center&#8221; onclick=&#8221;custom_link&#8221; css_animation=&#8221;top-to-bottom&#8221; link=&#8221;https:\/\/memoriadearena.es\/ca\/rutag\/&#8221;][\/vc_column][vc_column width=&#8221;1\/3&#8243;][vc_single_image image=&#8221;398&#8243; img_size=&#8221;medium&#8221; alignment=&#8221;center&#8221; onclick=&#8221;custom_link&#8221; css_animation=&#8221;top-to-bottom&#8221; link=&#8221;https:\/\/memoriadearena.es\/ca\/galeria\/&#8221;][\/vc_column][vc_column width=&#8221;1\/3&#8243;][vc_single_image image=&#8221;536&#8243; img_size=&#8221;full&#8221; alignment=&#8221;center&#8221; onclick=&#8221;custom_link&#8221; img_link_target=&#8221;_blank&#8221; css_animation=&#8221;top-to-bottom&#8221; link=&#8221;http:\/\/www.agendaguardamar.com\/index.html&#8221;][\/vc_column][\/vc_row][vc_row][vc_column width=&#8221;1\/4&#8243;][vc_single_image image=&#8221;309&#8243; img_size=&#8221;256&#215;256&#8243; alignment=&#8221;center&#8221; style=&#8221;vc_box_shadow_3d&#8221; onclick=&#8221;custom_link&#8221; img_link_target=&#8221;_blank&#8221; css_animation=&#8221;top-to-bottom&#8221; link=&#8221;http:\/\/www.magmuseo.com\/&#8221;][\/vc_column][vc_column width=&#8221;1\/4&#8243;][vc_single_image image=&#8221;534&#8243; img_size=&#8221;full&#8221; alignment=&#8221;center&#8221; style=&#8221;vc_box_shadow_3d&#8221; onclick=&#8221;custom_link&#8221; img_link_target=&#8221;_blank&#8221; css_animation=&#8221;top-to-bottom&#8221; link=&#8221;https:\/\/museoingenieromira.com\/&#8221;][\/vc_column][vc_column width=&#8221;1\/4&#8243;][vc_single_image image=&#8221;310&#8243; img_size=&#8221;full&#8221; alignment=&#8221;center&#8221; style=&#8221;vc_box_shadow_3d&#8221; onclick=&#8221;custom_link&#8221; img_link_target=&#8221;_blank&#8221; css_animation=&#8221;top-to-bottom&#8221; link=&#8221;http:\/\/www.guardamardelsegura.es\/&#8221;][\/vc_column][vc_column width=&#8221;1\/4&#8243;][vc_single_image image=&#8221;455&#8243; img_size=&#8221;full&#8221; alignment=&#8221;center&#8221; style=&#8221;vc_box_shadow_3d&#8221; onclick=&#8221;custom_link&#8221; img_link_target=&#8221;_blank&#8221; css_animation=&#8221;top-to-bottom&#8221; link=&#8221;http:\/\/guardamarturismo.com\/&#8221;][\/vc_column][\/vc_row][vc_row][vc_column][vc_empty_space height=&#8221;45px&#8221;][vc_video link=&#8221;https:\/\/youtu.be\/hFoohP-hjC8&#8243; el_width=&#8221;70&#8243; align=&#8221;center&#8221;][vc_empty_space height=&#8221;45px&#8221;][\/vc_column][\/vc_row][vc_row][vc_column][vc_gmaps link=&#8221;#E-8_JTNDaWZyYW1lJTIwc3JjJTNEJTIyaHR0cHMlM0ElMkYlMkZ3d3cuZ29vZ2xlLmNvbSUyRm1hcHMlMkZlbWJlZCUzRnBiJTNEJTIxMW0xNCUyMTFtOCUyMTFtMyUyMTFkMTI1NjAuMjEwMjY2MTExNzYlMjEyZC0wLjY1NDA1OTMlMjEzZDM4LjA5MjQ0MDIlMjEzbTIlMjExaTEwMjQlMjEyaTc2OCUyMTRmMTMuMSUyMTNtMyUyMTFtMiUyMTFzMHhkNjNhYzQ2MDU2NWRhODklMjUzQTB4Y2M0MmE5ZWUwMTg1YjAwOSUyMTJzTXVzZW8lMjUyMEFycXVlb2wlMjVDMyUyNUIzZ2ljbyUyNTIwZGUlMjUyMEd1YXJkYW1hciUyNTIwZGVsJTI1MjBTZWd1cmElMjE1ZTAlMjEzbTIlMjExc2VzJTIxMnNlcyUyMTR2MTY4MDA5ODQyMjk3OCUyMTVtMiUyMTFzZXMlMjEyc2VzJTIyJTIwd2lkdGglM0QlMjI2MDAlMjIlMjBoZWlnaHQlM0QlMjI0NTAlMjIlMjBzdHlsZSUzRCUyMmJvcmRlciUzQTAlM0IlMjIlMjBhbGxvd2Z1bGxzY3JlZW4lM0QlMjIlMjIlMjBsb2FkaW5nJTNEJTIybGF6eSUyMiUyMHJlZmVycmVycG9saWN5JTNEJTIybm8tcmVmZXJyZXItd2hlbi1kb3duZ3JhZGUlMjIlM0UlM0MlMkZpZnJhbWUlM0U=&#8221;][\/vc_column][\/vc_row]<\/p>","protected":false},"excerpt":{"rendered":"<p>[vc_row parallax=&#8221;content-moving&#8221; parallax_image=&#8221;293&#8243; parallax_speed_bg=&#8221;2.2&#8243; css=&#8221;.vc_custom_1484221895304{background-position: 0 0;background-repeat:epeat;}&#8221;][vc_column][vc_single_image image=&#8221;405&#8243; img_size=&#8221;full&#8221; alignment=&#8221;center&#8221; onclick=&#8221;custom_link&#8221; img_link_target=&#8221;_blank&#8221; link=&#8221;https:\/\/memoriadearena.es\/wp-content\/uploads\/2018\/10\/PLANO-GENERAL-1200.jpg&#8221;][vc_empty_space height=&#8221;45px&#8221;][\/vc_column][\/vc_row][vc_row][vc_column][vc_single_image image=&#8221;388&#8243; img_size=&#8221;full&#8221; alignment=&#8221;center&#8221; css_animation=&#8221;top-to-bottom&#8221;][vc_column_text css=&#8221;.vc_custom_1484315429605{padding-top: 20px !important;padding-right: 20% !important;padding-bottom: 50px !important;padding-left: 20% !important;}&#8221;]Aquest panell forma part [&hellip;]<\/p>\n","protected":false},"author":1,"featured_media":0,"parent":0,"menu_order":0,"comment_status":"closed","ping_status":"closed","template":"","meta":{"footnotes":""},"class_list":["post-67","page","type-page","status-publish","hentry"],"_links":{"self":[{"href":"https:\/\/memoriadearena.es\/ca\/wp-json\/wp\/v2\/pages\/67","targetHints":{"allow":["GET"]}}],"collection":[{"href":"https:\/\/memoriadearena.es\/ca\/wp-json\/wp\/v2\/pages"}],"about":[{"href":"https:\/\/memoriadearena.es\/ca\/wp-json\/wp\/v2\/types\/page"}],"author":[{"embeddable":true,"href":"https:\/\/memoriadearena.es\/ca\/wp-json\/wp\/v2\/users\/1"}],"replies":[{"embeddable":true,"href":"https:\/\/memoriadearena.es\/ca\/wp-json\/wp\/v2\/comments?post=67"}],"version-history":[{"count":119,"href":"https:\/\/memoriadearena.es\/ca\/wp-json\/wp\/v2\/pages\/67\/revisions"}],"predecessor-version":[{"id":607,"href":"https:\/\/memoriadearena.es\/ca\/wp-json\/wp\/v2\/pages\/67\/revisions\/607"}],"wp:attachment":[{"href":"https:\/\/memoriadearena.es\/ca\/wp-json\/wp\/v2\/media?parent=67"}],"curies":[{"name":"wp","href":"https:\/\/api.w.org\/{rel}","templated":true}]}}