{"id":86,"date":"2016-11-25T20:54:37","date_gmt":"2016-11-25T19:54:37","guid":{"rendered":"https:\/\/memoriadearena.es\/?page_id=86"},"modified":"2025-12-11T06:56:38","modified_gmt":"2025-12-11T05:56:38","slug":"rutag","status":"publish","type":"page","link":"https:\/\/memoriadearena.es\/ca\/rutag\/","title":{"rendered":"Rutes"},"content":{"rendered":"<p>[vc_row content_placement=&#8221;middle&#8221;][vc_column width=&#8221;1\/4&#8243;][vc_single_image image=&#8221;335&#8243; img_size=&#8221;full&#8221; alignment=&#8221;center&#8221; onclick=&#8221;custom_link&#8221; img_link_target=&#8221;_blank&#8221; css_animation=&#8221;top-to-bottom&#8221; link=&#8221;http:\/\/es.wikiloc.com\/wikiloc\/view.do?id=14754022&#8243;][\/vc_column][vc_column width=&#8221;1\/4&#8243;][vc_single_image image=&#8221;336&#8243; img_size=&#8221;full&#8221; alignment=&#8221;center&#8221; onclick=&#8221;custom_link&#8221; img_link_target=&#8221;_blank&#8221; css_animation=&#8221;top-to-bottom&#8221; link=&#8221;http:\/\/es.wikiloc.com\/wikiloc\/view.do?id=14818749&#8243;][\/vc_column][vc_column width=&#8221;1\/4&#8243;][vc_single_image image=&#8221;337&#8243; img_size=&#8221;full&#8221; alignment=&#8221;center&#8221; onclick=&#8221;custom_link&#8221; img_link_target=&#8221;_blank&#8221; css_animation=&#8221;top-to-bottom&#8221; link=&#8221;https:\/\/es.wikiloc.com\/rutas-senderismo\/ruta-3-la-cultura-tradicional-del-agua-17058411&#8243;][\/vc_column][vc_column width=&#8221;1\/4&#8243;][vc_single_image image=&#8221;338&#8243; img_size=&#8221;full&#8221; alignment=&#8221;center&#8221; onclick=&#8221;custom_link&#8221; img_link_target=&#8221;_blank&#8221; css_animation=&#8221;top-to-bottom&#8221; link=&#8221;https:\/\/es.wikiloc.com\/rutas-senderismo\/ruta-4-la-repoblacion-forestal-16912923&#8243;][\/vc_column][\/vc_row][vc_row][vc_column width=&#8221;1\/3&#8243;][vc_single_image image=&#8221;339&#8243; img_size=&#8221;large&#8221; alignment=&#8221;center&#8221; onclick=&#8221;custom_link&#8221; img_link_target=&#8221;_blank&#8221; css_animation=&#8221;top-to-bottom&#8221; link=&#8221;http:\/\/es.wikiloc.com\/wikiloc\/view.do?id=14760161&#8243;][\/vc_column][vc_column width=&#8221;1\/3&#8243;][vc_single_image image=&#8221;671&#8243; img_size=&#8221;large&#8221; alignment=&#8221;center&#8221; onclick=&#8221;custom_link&#8221; img_link_target=&#8221;_blank&#8221; css_animation=&#8221;top-to-bottom&#8221; link=&#8221;https:\/\/es.wikiloc.com\/rutas-senderismo\/ruta-6-punto-gedodesico-234319440&#8243;][\/vc_column][vc_column width=&#8221;1\/3&#8243;][vc_single_image image=&#8221;672&#8243; img_size=&#8221;large&#8221; alignment=&#8221;center&#8221; onclick=&#8221;custom_link&#8221; img_link_target=&#8221;_blank&#8221; css_animation=&#8221;top-to-bottom&#8221; link=&#8221;https:\/\/es.wikiloc.com\/rutas-ciclismo\/ruta-6-paseo-por-la-huerta-de-guardamar-163552354&#8243;][\/vc_column][\/vc_row][vc_row][vc_column css=&#8221;.vc_custom_1765432596558{margin-top: 20px !important;margin-bottom: 20px !important;}&#8221;][vc_separator][\/vc_column][\/vc_row][vc_row][vc_column][vc_column_text]<strong><em>RUTA 1 (color blanc): ARQUEOLOGIA SOTA LES ARENES. (Dist\u00e0ncia: 6,36 km).\u00a0<\/em><\/strong><\/p>\n<p>MAG (Museu Arqueol\u00f2gic de Guardamar), Castell de Guardamar, La Fonteta (ciutat fen\u00edcia) i R\u00e0bita Califal (monestir isl\u00e0mic)<strong><em>.<\/em><\/strong><\/p>\n<p><strong><em>\u00a0<\/em><\/strong><strong><em>RUTA 2 (color marr\u00f3): ARQUEOLOGIA DEL TERRITORI. (Dist\u00e0ncia: 19,66 km).\u00a0<\/em><\/strong><\/p>\n<p>MAG (Museu Arqueol\u00f2gic de Guardamar), La Fonteta (ciutat fen\u00edcia), R\u00e0bita Califal (monestir isl\u00e0mic), Castell de Guardamar, Cabe\u00e7o Petit de l&#8217;Estany (nucli fenici) i El Montcaio.<\/p>\n<p><strong><em>RUTA 3 (color blau): CULTURA DE L&#8217;AIGUA. (Dist\u00e0ncia: 6,57 km).\u00a0<\/em><\/strong><\/p>\n<p>MAG (Museu Arqueol\u00f2gic de Guardamar), Mol\u00ed de Sant Antoni, Pont de Ferro, Comportes de la Companyia <em>Riegos de Levante<\/em>, S\u00e9nia del Riu Sec i Casa-Museu Forestal \u201cEnginyer Mira\u201d (Oficina de Turisme).<\/p>\n<p><strong><em>RUTA 4 (color verd): LA REPOBLACI\u00d3 FORESTAL DE LES DUNES. (Dist\u00e0ncia: 2,86 km).\u00a0<\/em><\/strong><\/p>\n<p>Casa-Museu Forestal Enginyer Mira (Oficina de Turisme), Parc Alfons XIII, escultura Enginyer Mira, Conjunt del Viver Vell (Aljub, Casa Forestal i bust de l&#8217;Enginyer Mira) i MAG (Museu Arqueol\u00f2gic de Guardamar).<\/p>\n<p><strong><em>RUTA 5 (color vermell): PASSEIG LARRAMENDI. (Dist\u00e0ncia: 0,86 km).\u00a0<\/em><\/strong><\/p>\n<p>MAG (Museu Arqueol\u00f2gic de Guardamar), Tra\u00e7at neocl\u00e0ssic de Larramendi: Pla\u00e7a dels Pescadors, Esgl\u00e9sia de Sant Jaume Ap\u00f2stol i Pla\u00e7a dels Llauradors.<\/p>\n<p><strong><em>RUTA 6 (color morat): PUNT GEODESIC. (Dist\u00e0ncia: 2,50 km).\u00a0<\/em><\/strong><\/p>\n<p>La Calera, Trinxeres Guerra Civil, Llacunes de la Mata, Torre dels Americans, Punt Geod\u00e8sic.<\/p>\n<p><strong><em>RUTA 7 (color crema): L&#8217;HORTA DE GUARDAMAR &#8211; ROJALES. (Dist\u00e0ncia: 13,00 km).\u00a0<\/em><\/strong><\/p>\n<p>Assut i Mol\u00ed de Sant Antoni, Pont de Ferro, Comportes de Regs de Llevant, Llit vell del Riu Segura, Llit nou del Riu Segura, S\u00e8quia del Horts, Canal de Regs de Llevant[\/vc_column_text][vc_separator][\/vc_column][\/vc_row][vc_row][vc_column css=&#8221;.vc_custom_1679660036502{padding-top: 32px !important;padding-bottom: 32px !important;}&#8221;][vc_single_image image=&#8221;550&#8243; img_size=&#8221;full&#8221; alignment=&#8221;center&#8221; onclick=&#8221;img_link_large&#8221; img_link_target=&#8221;_blank&#8221; css_animation=&#8221;top-to-bottom&#8221;][\/vc_column][\/vc_row]<\/p>","protected":false},"excerpt":{"rendered":"<p>[vc_row content_placement=&#8221;middle&#8221;][vc_column width=&#8221;1\/4&#8243;][vc_single_image image=&#8221;335&#8243; img_size=&#8221;full&#8221; alignment=&#8221;center&#8221; onclick=&#8221;custom_link&#8221; img_link_target=&#8221;_blank&#8221; css_animation=&#8221;top-to-bottom&#8221; link=&#8221;http:\/\/es.wikiloc.com\/wikiloc\/view.do?id=14754022&#8243;][\/vc_column][vc_column width=&#8221;1\/4&#8243;][vc_single_image image=&#8221;336&#8243; img_size=&#8221;full&#8221; alignment=&#8221;center&#8221; onclick=&#8221;custom_link&#8221; img_link_target=&#8221;_blank&#8221; css_animation=&#8221;top-to-bottom&#8221; link=&#8221;http:\/\/es.wikiloc.com\/wikiloc\/view.do?id=14818749&#8243;][\/vc_column][vc_column width=&#8221;1\/4&#8243;][vc_single_image image=&#8221;337&#8243; img_size=&#8221;full&#8221; alignment=&#8221;center&#8221; onclick=&#8221;custom_link&#8221; img_link_target=&#8221;_blank&#8221; css_animation=&#8221;top-to-bottom&#8221; link=&#8221;https:\/\/es.wikiloc.com\/rutas-senderismo\/ruta-3-la-cultura-tradicional-del-agua-17058411&#8243;][\/vc_column][vc_column width=&#8221;1\/4&#8243;][vc_single_image image=&#8221;338&#8243; img_size=&#8221;full&#8221; alignment=&#8221;center&#8221; [&hellip;]<\/p>\n","protected":false},"author":1,"featured_media":0,"parent":0,"menu_order":0,"comment_status":"closed","ping_status":"closed","template":"","meta":{"footnotes":""},"class_list":["post-86","page","type-page","status-publish","hentry"],"_links":{"self":[{"href":"https:\/\/memoriadearena.es\/ca\/wp-json\/wp\/v2\/pages\/86","targetHints":{"allow":["GET"]}}],"collection":[{"href":"https:\/\/memoriadearena.es\/ca\/wp-json\/wp\/v2\/pages"}],"about":[{"href":"https:\/\/memoriadearena.es\/ca\/wp-json\/wp\/v2\/types\/page"}],"author":[{"embeddable":true,"href":"https:\/\/memoriadearena.es\/ca\/wp-json\/wp\/v2\/users\/1"}],"replies":[{"embeddable":true,"href":"https:\/\/memoriadearena.es\/ca\/wp-json\/wp\/v2\/comments?post=86"}],"version-history":[{"count":41,"href":"https:\/\/memoriadearena.es\/ca\/wp-json\/wp\/v2\/pages\/86\/revisions"}],"predecessor-version":[{"id":685,"href":"https:\/\/memoriadearena.es\/ca\/wp-json\/wp\/v2\/pages\/86\/revisions\/685"}],"wp:attachment":[{"href":"https:\/\/memoriadearena.es\/ca\/wp-json\/wp\/v2\/media?parent=86"}],"curies":[{"name":"wp","href":"https:\/\/api.w.org\/{rel}","templated":true}]}}