{"id":20,"date":"2016-11-11T12:12:23","date_gmt":"2016-11-11T12:12:23","guid":{"rendered":"https:\/\/memoriadearena.es\/?page_id=20"},"modified":"2017-01-17T10:11:13","modified_gmt":"2017-01-17T09:11:13","slug":"molino","status":"publish","type":"page","link":"https:\/\/memoriadearena.es\/en\/molino\/","title":{"rendered":"6 &#8211; Sant Antoni Mill and Waterwheel"},"content":{"rendered":"<p>[vc_row][vc_column][vc_column_text]<br \/>\n<audio class=\"wp-audio-shortcode\" id=\"audio-20-2\" preload=\"none\" style=\"width: 100%;\" controls=\"controls\"><source type=\"audio\/mpeg\" src=\"https:\/\/memoriadearena.es\/audio\/07-en-molino.mp3?_=2\" \/><a href=\"https:\/\/memoriadearena.es\/audio\/07-en-molino.mp3\">https:\/\/memoriadearena.es\/audio\/07-en-molino.mp3<\/a><\/audio><\/p>\n<p style=\"text-align: justify;\">Los \u00e1rabes supieron aprovechar al m\u00e1ximo los recursos que ofrec\u00eda el Segura, estableciendo una extensa red de canalizaciones que llevaban el agua a todos los campos de cultivo en su cuenca. Norias, molinos, puentes y otras construcciones inundaron desde la Edad Media el paisaje permitiendo el florecimiento de la agricultura.<\/p>\n<p>Nos encontramos aqu\u00ed ante el complejo hidr\u00e1ulico que forma parte del sistema de aprovechamiento del Segura en su tramo final. El conjunto lo compone el Molino de San Antonio, un molino harinero de tracci\u00f3n hidr\u00e1ulica y un azud, ligados ambos hist\u00f3rica y estructuralmente.<\/p>\n<p style=\"text-align: justify;\">Al construir una peque\u00f1a presa o azud en el rio, se asegura un caudal de agua m\u00ednimo para accionar el molino de San Antonio.<\/p>\n<p style=\"text-align: justify;\">Si nos acercamos al r\u00edo Segura se puede observar unos conductos o saetillos. Estos est\u00e1n hoy obstruidos por el barro, pero cruzan por debajo del molino en su eje sur-norte. Por estos conductos es por donde acced\u00eda con fuerza el agua, y a su paso mov\u00eda una rueda horizontal o rodezno, que al girar generar\u00eda la energ\u00eda suficiente para moler grano en la planta baja del edificio. Es posible que este sistema funcionase tambi\u00e9n para generar electricidad a principios del siglo XX.<\/p>\n<p style=\"text-align: justify;\">Su primitiva construcci\u00f3n data del siglo XIV, con posteriores remodelaciones en el siglo XVIII y principios del siglo XX, hasta su actual configuraci\u00f3n neo-\u00e1rabe.<\/p>\n<p>[\/vc_column_text][\/vc_column][\/vc_row][vc_row][vc_column][vc_masonry_media_grid grid_id=&#8221;vc_gid:1482237456837-fe4f7bfa-4d21-5&#8243; include=&#8221;188,187,186,185,184&#8243;][\/vc_column][\/vc_row]<\/p>","protected":false},"excerpt":{"rendered":"<p>[vc_row][vc_column][vc_column_text] https:\/\/memoriadearena.es\/audio\/07-en-molino.mp3 Los \u00e1rabes supieron aprovechar al m\u00e1ximo los recursos que ofrec\u00eda el Segura, estableciendo una extensa red de canalizaciones que llevaban el agua a todos los campos de cultivo [&hellip;]<\/p>\n","protected":false},"author":1,"featured_media":0,"parent":0,"menu_order":0,"comment_status":"closed","ping_status":"closed","template":"","meta":{"footnotes":""},"class_list":["post-20","page","type-page","status-publish","hentry"],"_links":{"self":[{"href":"https:\/\/memoriadearena.es\/en\/wp-json\/wp\/v2\/pages\/20","targetHints":{"allow":["GET"]}}],"collection":[{"href":"https:\/\/memoriadearena.es\/en\/wp-json\/wp\/v2\/pages"}],"about":[{"href":"https:\/\/memoriadearena.es\/en\/wp-json\/wp\/v2\/types\/page"}],"author":[{"embeddable":true,"href":"https:\/\/memoriadearena.es\/en\/wp-json\/wp\/v2\/users\/1"}],"replies":[{"embeddable":true,"href":"https:\/\/memoriadearena.es\/en\/wp-json\/wp\/v2\/comments?post=20"}],"version-history":[{"count":9,"href":"https:\/\/memoriadearena.es\/en\/wp-json\/wp\/v2\/pages\/20\/revisions"}],"predecessor-version":[{"id":429,"href":"https:\/\/memoriadearena.es\/en\/wp-json\/wp\/v2\/pages\/20\/revisions\/429"}],"wp:attachment":[{"href":"https:\/\/memoriadearena.es\/en\/wp-json\/wp\/v2\/media?parent=20"}],"curies":[{"name":"wp","href":"https:\/\/api.w.org\/{rel}","templated":true}]}}