{"id":30,"date":"2016-11-11T12:13:35","date_gmt":"2016-11-11T12:13:35","guid":{"rendered":"https:\/\/memoriadearena.es\/?page_id=30"},"modified":"2018-04-19T11:44:11","modified_gmt":"2018-04-19T10:44:11","slug":"rioseco","status":"publish","type":"page","link":"https:\/\/memoriadearena.es\/en\/rioseco\/","title":{"rendered":"12 &#8211; Dry River Waterwheel"},"content":{"rendered":"<p>https:\/\/memoriadearena.es\/audio\/13-en-cenia.mp3<\/p>\n<p>The <em>N\u00f2ria del Bot\u00f3<\/em> or <em>S\u00e9nia del Riu Sec<\/em> (Dry River Waterwheel) was located in the right bank of the \u201cLa Comuna\u201d ditch in the Guardamar Farmland Area. It was built and later on restored by the Waterwheel expert Mr. Enrique Orts, known as \u201cEl Zorra\u201d. This water elevation device belongs to a \u201ccrown\u201d type waterwheel moved by animal traction. The boxes or buckets are the same body as the waterwheel. This allows for water to be elevated at a lesser height. It is made up of a mechanism of two wheels, the waterwheel and the trolley or counter wheel.<\/p>\n<p>[vc_row][vc_column][vc_masonry_media_grid grid_id=&#8221;vc_gid:1482235568903-77cc75f0-1afa-5&#8243; include=&#8221;158&#8243;][\/vc_column][\/vc_row]<\/p>","protected":false},"excerpt":{"rendered":"<p>https:\/\/memoriadearena.es\/audio\/13-en-cenia.mp3 The N\u00f2ria del Bot\u00f3 or S\u00e9nia del Riu Sec (Dry River Waterwheel) was located in the right bank of the \u201cLa Comuna\u201d ditch in the Guardamar Farmland Area. It [&hellip;]<\/p>\n","protected":false},"author":1,"featured_media":0,"parent":0,"menu_order":0,"comment_status":"closed","ping_status":"closed","template":"","meta":{"footnotes":""},"class_list":["post-30","page","type-page","status-publish","hentry"],"_links":{"self":[{"href":"https:\/\/memoriadearena.es\/en\/wp-json\/wp\/v2\/pages\/30","targetHints":{"allow":["GET"]}}],"collection":[{"href":"https:\/\/memoriadearena.es\/en\/wp-json\/wp\/v2\/pages"}],"about":[{"href":"https:\/\/memoriadearena.es\/en\/wp-json\/wp\/v2\/types\/page"}],"author":[{"embeddable":true,"href":"https:\/\/memoriadearena.es\/en\/wp-json\/wp\/v2\/users\/1"}],"replies":[{"embeddable":true,"href":"https:\/\/memoriadearena.es\/en\/wp-json\/wp\/v2\/comments?post=30"}],"version-history":[{"count":13,"href":"https:\/\/memoriadearena.es\/en\/wp-json\/wp\/v2\/pages\/30\/revisions"}],"predecessor-version":[{"id":485,"href":"https:\/\/memoriadearena.es\/en\/wp-json\/wp\/v2\/pages\/30\/revisions\/485"}],"wp:attachment":[{"href":"https:\/\/memoriadearena.es\/en\/wp-json\/wp\/v2\/media?parent=30"}],"curies":[{"name":"wp","href":"https:\/\/api.w.org\/{rel}","templated":true}]}}