{"id":86,"date":"2016-11-25T20:54:37","date_gmt":"2016-11-25T19:54:37","guid":{"rendered":"https:\/\/memoriadearena.es\/?page_id=86"},"modified":"2025-12-11T06:56:38","modified_gmt":"2025-12-11T05:56:38","slug":"rutag","status":"publish","type":"page","link":"https:\/\/memoriadearena.es\/en\/rutag\/","title":{"rendered":"Routes"},"content":{"rendered":"<p>[vc_row content_placement=&#8221;middle&#8221;][vc_column width=&#8221;1\/4&#8243;][vc_single_image image=&#8221;335&#8243; img_size=&#8221;full&#8221; alignment=&#8221;center&#8221; onclick=&#8221;custom_link&#8221; img_link_target=&#8221;_blank&#8221; css_animation=&#8221;top-to-bottom&#8221; link=&#8221;http:\/\/es.wikiloc.com\/wikiloc\/view.do?id=14754022&#8243;][\/vc_column][vc_column width=&#8221;1\/4&#8243;][vc_single_image image=&#8221;336&#8243; img_size=&#8221;full&#8221; alignment=&#8221;center&#8221; onclick=&#8221;custom_link&#8221; img_link_target=&#8221;_blank&#8221; css_animation=&#8221;top-to-bottom&#8221; link=&#8221;http:\/\/es.wikiloc.com\/wikiloc\/view.do?id=14818749&#8243;][\/vc_column][vc_column width=&#8221;1\/4&#8243;][vc_single_image image=&#8221;337&#8243; img_size=&#8221;full&#8221; alignment=&#8221;center&#8221; onclick=&#8221;custom_link&#8221; img_link_target=&#8221;_blank&#8221; css_animation=&#8221;top-to-bottom&#8221; link=&#8221;https:\/\/es.wikiloc.com\/rutas-senderismo\/ruta-3-la-cultura-tradicional-del-agua-17058411&#8243;][\/vc_column][vc_column width=&#8221;1\/4&#8243;][vc_single_image image=&#8221;338&#8243; img_size=&#8221;full&#8221; alignment=&#8221;center&#8221; onclick=&#8221;custom_link&#8221; img_link_target=&#8221;_blank&#8221; css_animation=&#8221;top-to-bottom&#8221; link=&#8221;https:\/\/es.wikiloc.com\/rutas-senderismo\/ruta-4-la-repoblacion-forestal-16912923&#8243;][\/vc_column][\/vc_row][vc_row][vc_column width=&#8221;1\/3&#8243;][vc_single_image image=&#8221;339&#8243; img_size=&#8221;large&#8221; alignment=&#8221;center&#8221; onclick=&#8221;custom_link&#8221; img_link_target=&#8221;_blank&#8221; css_animation=&#8221;top-to-bottom&#8221; link=&#8221;http:\/\/es.wikiloc.com\/wikiloc\/view.do?id=14760161&#8243;][\/vc_column][vc_column width=&#8221;1\/3&#8243;][vc_single_image image=&#8221;671&#8243; img_size=&#8221;large&#8221; alignment=&#8221;center&#8221; onclick=&#8221;custom_link&#8221; img_link_target=&#8221;_blank&#8221; css_animation=&#8221;top-to-bottom&#8221; link=&#8221;https:\/\/es.wikiloc.com\/rutas-senderismo\/ruta-6-punto-gedodesico-234319440&#8243;][\/vc_column][vc_column width=&#8221;1\/3&#8243;][vc_single_image image=&#8221;672&#8243; img_size=&#8221;large&#8221; alignment=&#8221;center&#8221; onclick=&#8221;custom_link&#8221; img_link_target=&#8221;_blank&#8221; css_animation=&#8221;top-to-bottom&#8221; link=&#8221;https:\/\/es.wikiloc.com\/rutas-ciclismo\/ruta-6-paseo-por-la-huerta-de-guardamar-163552354&#8243;][\/vc_column][\/vc_row][vc_row][vc_column css=&#8221;.vc_custom_1765432589704{margin-top: 20px !important;margin-bottom: 20px !important;}&#8221;][vc_separator][\/vc_column][\/vc_row][vc_row][vc_column][vc_column_text]<strong><em>RUTA 1 (color blanco): ARQUEOLOG\u00cdA BAJO LAS ARENAS. (Distancia: 6,36 km).<\/em><\/strong><\/p>\n<p>MAG (Museo Arqueol\u00f3gico de Guardamar), Castillo de Guardamar, La Fonteta (ciudad fenicia) y R\u00e1bita Califal (monasterio isl\u00e1mico).<\/p>\n<p><strong><em>RUTA 2 (color marr\u00f3n): ARQUEOLOG\u00cdA DEL TERRITORIO. (Distancia: 19,66\u00a0 km).<\/em><\/strong><\/p>\n<p>MAG (Museo Arqueol\u00f3gico de Guardamar), La Fonteta (ciudad fenicia), R\u00e1bita Califal (monasterio isl\u00e1mico), Castillo de Guardamar, Cabezo Peque\u00f1o del Esta\u00f1o (yacimiento fenicio) y El Moncayo.<\/p>\n<p><strong><em>RUTA 3 (color azul): CULTURA DEL AGUA.\u00a0 (Distancia: 6,57 km).<\/em><\/strong><\/p>\n<p>MAG (Museo Arqueol\u00f3gico de Guardamar), Molino de San Antonio, Puente de Hierro, Compuertas de Riegos de Levante, Cenia del R\u00edo Seco y Casa-Museo Forestal Ingeniero Mira (Oficina de Turismo).<\/p>\n<p><strong><em>RUTA 4 (color verde): LA REPOBLACI\u00d3N FORESTAL DE LAS DUNAS.\u00a0 (Distancia: 2,86 km).<\/em><\/strong><\/p>\n<p>Casa-Museo Forestal Ingeniero Mira (Oficina de Turismo), Parque Alfonso XIII, Escultura Ingeniero Mira, Conjunto del Vivero Viejo (Aljibe, Casa Forestal y Busto del Ingeniero Mira) y MAG (Museo Arqueol\u00f3gico de Guardamar).<\/p>\n<p><strong><em>\u00a0<\/em><\/strong><strong><em>RUTA 5 (color rojo): PASEO LARRAMENDI.\u00a0 (Distancia: 0,86 km).<\/em><\/strong><\/p>\n<p>MAG (Museo Arqueol\u00f3gico de Guardamar), Trazado neocl\u00e1sico de Larramendi: Plaza de los Pescadores, Iglesia Santiago Ap\u00f3stol y Plaza de los Labradores.<\/p>\n<p><strong><em>\u00a0<\/em><\/strong><strong><em>RUTA 6 (color morado): PASEO GEODESICO.\u00a0 (Distancia: 2,50 km).<\/em><\/strong><\/p>\n<p>La Caleta, Trincheras Guerra Civil, Lagunas de la Mata, Torre de los Americanos, Punto Geod\u00e9sico<\/p>\n<p><strong><em>\u00a0<\/em><\/strong><strong><em>RUTA 7 (color crema): PASEO La huerta de Guardamar.\u00a0 (Distancia: 13,00 km).<\/em><\/strong><\/p>\n<p>Azimud y Molino de San Antonio, Puente de Hierro, Compuertas de Riegos del Levante, Cama vieja del Rio Segura, Cama nueva del Rio Segura, Acequia de la Huerta, Canal de riegos del Levante[\/vc_column_text][\/vc_column][\/vc_row][vc_row][vc_column css=&#8221;.vc_custom_1679660036502{padding-top: 32px !important;padding-bottom: 32px !important;}&#8221;][vc_single_image image=&#8221;550&#8243; img_size=&#8221;full&#8221; alignment=&#8221;center&#8221; onclick=&#8221;img_link_large&#8221; img_link_target=&#8221;_blank&#8221; css_animation=&#8221;top-to-bottom&#8221;][\/vc_column][\/vc_row]<\/p>","protected":false},"excerpt":{"rendered":"<p>[vc_row content_placement=&#8221;middle&#8221;][vc_column width=&#8221;1\/4&#8243;][vc_single_image image=&#8221;335&#8243; img_size=&#8221;full&#8221; alignment=&#8221;center&#8221; onclick=&#8221;custom_link&#8221; img_link_target=&#8221;_blank&#8221; css_animation=&#8221;top-to-bottom&#8221; link=&#8221;http:\/\/es.wikiloc.com\/wikiloc\/view.do?id=14754022&#8243;][\/vc_column][vc_column width=&#8221;1\/4&#8243;][vc_single_image image=&#8221;336&#8243; img_size=&#8221;full&#8221; alignment=&#8221;center&#8221; onclick=&#8221;custom_link&#8221; img_link_target=&#8221;_blank&#8221; css_animation=&#8221;top-to-bottom&#8221; link=&#8221;http:\/\/es.wikiloc.com\/wikiloc\/view.do?id=14818749&#8243;][\/vc_column][vc_column width=&#8221;1\/4&#8243;][vc_single_image image=&#8221;337&#8243; img_size=&#8221;full&#8221; alignment=&#8221;center&#8221; onclick=&#8221;custom_link&#8221; img_link_target=&#8221;_blank&#8221; css_animation=&#8221;top-to-bottom&#8221; link=&#8221;https:\/\/es.wikiloc.com\/rutas-senderismo\/ruta-3-la-cultura-tradicional-del-agua-17058411&#8243;][\/vc_column][vc_column width=&#8221;1\/4&#8243;][vc_single_image image=&#8221;338&#8243; img_size=&#8221;full&#8221; alignment=&#8221;center&#8221; [&hellip;]<\/p>\n","protected":false},"author":1,"featured_media":0,"parent":0,"menu_order":0,"comment_status":"closed","ping_status":"closed","template":"","meta":{"footnotes":""},"class_list":["post-86","page","type-page","status-publish","hentry"],"_links":{"self":[{"href":"https:\/\/memoriadearena.es\/en\/wp-json\/wp\/v2\/pages\/86","targetHints":{"allow":["GET"]}}],"collection":[{"href":"https:\/\/memoriadearena.es\/en\/wp-json\/wp\/v2\/pages"}],"about":[{"href":"https:\/\/memoriadearena.es\/en\/wp-json\/wp\/v2\/types\/page"}],"author":[{"embeddable":true,"href":"https:\/\/memoriadearena.es\/en\/wp-json\/wp\/v2\/users\/1"}],"replies":[{"embeddable":true,"href":"https:\/\/memoriadearena.es\/en\/wp-json\/wp\/v2\/comments?post=86"}],"version-history":[{"count":41,"href":"https:\/\/memoriadearena.es\/en\/wp-json\/wp\/v2\/pages\/86\/revisions"}],"predecessor-version":[{"id":685,"href":"https:\/\/memoriadearena.es\/en\/wp-json\/wp\/v2\/pages\/86\/revisions\/685"}],"wp:attachment":[{"href":"https:\/\/memoriadearena.es\/en\/wp-json\/wp\/v2\/media?parent=86"}],"curies":[{"name":"wp","href":"https:\/\/api.w.org\/{rel}","templated":true}]}}